{"id":3910,"date":"2024-06-06T01:27:28","date_gmt":"2024-06-05T22:27:28","guid":{"rendered":"https:\/\/bioendustri.com\/?post_type=product&#038;p=3910"},"modified":"2025-09-23T13:03:16","modified_gmt":"2025-09-23T10:03:16","slug":"ikili-ocak-fsm-3477","status":"publish","type":"product","link":"https:\/\/bioendustri.com\/index.php\/product\/ikili-ocak-fsm-3477\/","title":{"rendered":"\u0130kili Ocak &#8211; FSM 3477"},"content":{"rendered":"<p>\u0130kili Ocak &#8211; FSM 3477<\/p>\n<p>\u0130ki g\u00f6zl\u00fc gazl\u0131 ocak. Paslanmaz \u00e7elik.<\/p>\n<p>&nbsp;<\/p>\n<p>\u00d6zellikler<\/p>\n<p>\u00dcr\u00fcn Tipi\u00a0\u00a0\u00a0\u00a0\u00a0\u00a0\u00a0\u00a0\u00a0\u00a0\u00a0\u00a0 Ocak<\/p>\n<p>Ocak G\u00f6z\u00fc\u00a0\u00a0\u00a0\u00a0\u00a0\u00a0\u00a0\u00a0\u00a0 2 G\u00f6z<\/p>\n<p>Ebat\u00a0\u00a0\u00a0\u00a0\u00a0\u00a0 \u00a0\u00a0\u00a0\u00a0\u00a0\u00a0\u00a0\u00a0\u00a0\u00a0\u00a0\u00a0\u00a0495 x 286 mm<\/p>\n<p>\u00c7al\u0131\u015fma \u015eekli\u00a0\u00a0\u00a0\u00a0\u00a0 Gaz<\/p>\n<p>Malzeme\u00a0\u00a0\u00a0\u00a0\u00a0\u00a0\u00a0\u00a0\u00a0\u00a0\u00a0\u00a0 Paslanmaz \u00c7elik<\/p>\n<p>Kullan\u0131m\u00a0 \u00a0 \u00a0 \u00a0 \u00a0 \u00a0 \u00a0Sabit<\/p>\n<p>Model\u00a0\u00a0 \u00a0\u00a0\u00a0\u00a0\u00a0\u00a0\u00a0\u00a0\u00a0\u00a0\u00a0\u00a0\u00a0\u00a0FSM-3477<\/p>\n<p>Evyeli mi?\u00a0\u00a0\u00a0\u00a0\u00a0\u00a0\u00a0\u00a0\u00a0Hay\u0131r<\/p>\n<p>Tip\u00a0 \u00a0 \u00a0 \u00a0 \u00a0 \u00a0 \u00a0 \u00a0 \u00a0 \u00a0 \u00a0 \u00a0G\u00f6mme<\/p>\n<p>\u00dcst Kapak\u00a0\u00a0\u00a0\u00a0\u00a0\u00a0\u00a0\u00a0\u00a0\u00a0 Hay\u0131r<\/p>\n","protected":false},"excerpt":{"rendered":"<p>\u0130kili Ocak &#8211; FSM 3477<\/p>\n","protected":false},"featured_media":3997,"comment_status":"open","ping_status":"closed","template":"","meta":{"spay_email":"","_joinchat":[]},"product_cat":[143],"product_tag":[152,149,146,147,148],"class_list":["post-3910","product","type-product","status-publish","has-post-thumbnail","hentry","product_cat-ocak","product_tag-ikili","product_tag-karavan","product_tag-ocak","product_tag-tekli","product_tag-yat"],"_links":{"self":[{"href":"https:\/\/bioendustri.com\/index.php\/wp-json\/wp\/v2\/product\/3910","targetHints":{"allow":["GET"]}}],"collection":[{"href":"https:\/\/bioendustri.com\/index.php\/wp-json\/wp\/v2\/product"}],"about":[{"href":"https:\/\/bioendustri.com\/index.php\/wp-json\/wp\/v2\/types\/product"}],"replies":[{"embeddable":true,"href":"https:\/\/bioendustri.com\/index.php\/wp-json\/wp\/v2\/comments?post=3910"}],"wp:featuredmedia":[{"embeddable":true,"href":"https:\/\/bioendustri.com\/index.php\/wp-json\/wp\/v2\/media\/3997"}],"wp:attachment":[{"href":"https:\/\/bioendustri.com\/index.php\/wp-json\/wp\/v2\/media?parent=3910"}],"wp:term":[{"taxonomy":"product_cat","embeddable":true,"href":"https:\/\/bioendustri.com\/index.php\/wp-json\/wp\/v2\/product_cat?post=3910"},{"taxonomy":"product_tag","embeddable":true,"href":"https:\/\/bioendustri.com\/index.php\/wp-json\/wp\/v2\/product_tag?post=3910"}],"curies":[{"name":"wp","href":"https:\/\/api.w.org\/{rel}","templated":true}]}}