{"id":3984,"date":"2023-01-03T23:31:18","date_gmt":"2023-01-03T20:31:18","guid":{"rendered":"https:\/\/bioendustri.com\/?post_type=product&#038;p=3984"},"modified":"2025-08-01T03:58:44","modified_gmt":"2025-08-01T00:58:44","slug":"cam-kapakli-ciftli-gomme-ocak-fsm-3499","status":"publish","type":"product","link":"https:\/\/bioendustri.com\/index.php\/product\/cam-kapakli-ciftli-gomme-ocak-fsm-3499\/","title":{"rendered":"Cam Kapakl\u0131 \u00c7iftli G\u00f6mme Ocak- FSM 3499"},"content":{"rendered":"<p>Cam Kapakl\u0131 \u00c7iftli G\u00f6mme Ocak- FSM 3499<\/p>\n<p>\u00c7ift g\u00f6zl\u00fc gazl\u0131 ocak. Paslanmaz \u00e7elik. Cam Kapakl\u0131<\/p>\n<p>&nbsp;<\/p>\n<p>\u00d6zellikler<\/p>\n<p>\u00dcr\u00fcn Tipi\u00a0\u00a0\u00a0\u00a0\u00a0\u00a0\u00a0\u00a0\u00a0\u00a0\u00a0\u00a0 Ocak<\/p>\n<p>Ocak G\u00f6z\u00fc\u00a0\u00a0\u00a0\u00a0\u00a0\u00a0\u00a0\u00a0\u00a0 2 G\u00f6z<\/p>\n<p>Ebat\u00a0 \u00a0 \u00a0 \u00a0 \u00a0 \u00a0 \u00a0 \u00a0 \u00a0 \u00a0 \u00a0 \u00a0x\u00a0 \u00a0mm<\/p>\n<p>\u00c7al\u0131\u015fma \u015eekli\u00a0\u00a0\u00a0\u00a0\u00a0 Gaz<\/p>\n<p>Malzeme\u00a0\u00a0\u00a0\u00a0\u00a0\u00a0\u00a0\u00a0\u00a0\u00a0\u00a0\u00a0 Paslanmaz \u00c7elik<\/p>\n<p>Kullan\u0131m\u00a0 \u00a0 \u00a0 \u00a0 \u00a0 \u00a0 \u00a0Sabit<\/p>\n<p>Model\u00a0\u00a0 \u00a0\u00a0\u00a0\u00a0\u00a0\u00a0\u00a0\u00a0\u00a0\u00a0\u00a0\u00a0\u00a0\u00a0FSM-3499<\/p>\n<p>Evyeli mi?\u00a0\u00a0\u00a0\u00a0\u00a0\u00a0\u00a0\u00a0\u00a0Hay\u0131r<\/p>\n<p>Tip\u00a0\u00a0\u00a0\u00a0\u00a0\u00a0\u00a0\u00a0 \u00a0\u00a0\u00a0\u00a0\u00a0\u00a0\u00a0\u00a0\u00a0\u00a0\u00a0\u00a0\u00a0\u00a0 G\u00f6mme<\/p>\n<p>\u00dcst Kapak\u00a0\u00a0\u00a0\u00a0\u00a0\u00a0\u00a0\u00a0\u00a0\u00a0 Cam<\/p>\n","protected":false},"excerpt":{"rendered":"<p>Cam Kapakl\u0131 \u00c7iftli G\u00f6mme Ocak- FSM 3499<\/p>\n","protected":false},"featured_media":3985,"comment_status":"open","ping_status":"closed","template":"","meta":{"spay_email":"","_joinchat":[]},"product_cat":[143],"product_tag":[153,152,149,146,147,148],"class_list":["post-3984","product","type-product","status-publish","has-post-thumbnail","hentry","product_cat-ocak","product_tag-cift","product_tag-ikili","product_tag-karavan","product_tag-ocak","product_tag-tekli","product_tag-yat"],"_links":{"self":[{"href":"https:\/\/bioendustri.com\/index.php\/wp-json\/wp\/v2\/product\/3984","targetHints":{"allow":["GET"]}}],"collection":[{"href":"https:\/\/bioendustri.com\/index.php\/wp-json\/wp\/v2\/product"}],"about":[{"href":"https:\/\/bioendustri.com\/index.php\/wp-json\/wp\/v2\/types\/product"}],"replies":[{"embeddable":true,"href":"https:\/\/bioendustri.com\/index.php\/wp-json\/wp\/v2\/comments?post=3984"}],"wp:featuredmedia":[{"embeddable":true,"href":"https:\/\/bioendustri.com\/index.php\/wp-json\/wp\/v2\/media\/3985"}],"wp:attachment":[{"href":"https:\/\/bioendustri.com\/index.php\/wp-json\/wp\/v2\/media?parent=3984"}],"wp:term":[{"taxonomy":"product_cat","embeddable":true,"href":"https:\/\/bioendustri.com\/index.php\/wp-json\/wp\/v2\/product_cat?post=3984"},{"taxonomy":"product_tag","embeddable":true,"href":"https:\/\/bioendustri.com\/index.php\/wp-json\/wp\/v2\/product_tag?post=3984"}],"curies":[{"name":"wp","href":"https:\/\/api.w.org\/{rel}","templated":true}]}}