{"id":4032,"date":"2024-06-08T23:51:52","date_gmt":"2024-06-08T20:51:52","guid":{"rendered":"https:\/\/bioendustri.com\/?post_type=product&#038;p=4032"},"modified":"2024-07-09T19:27:48","modified_gmt":"2024-07-09T16:27:48","slug":"cam-kapakli-tek-gozlu-gomme-ocak-fsm-3442","status":"publish","type":"product","link":"https:\/\/bioendustri.com\/index.php\/product\/cam-kapakli-tek-gozlu-gomme-ocak-fsm-3442\/","title":{"rendered":"Cam Kapakl\u0131 Tek G\u00f6zl\u00fc G\u00f6mme Ocak- FSM 3442"},"content":{"rendered":"<p>Cam Kapakl\u0131 Tek G\u00f6zl\u00fc G\u00f6mme Ocak- FSM 3450<\/p>\n<p>Tekg\u00f6zl\u00fc gazl\u0131 ocak. Paslanmaz \u00e7elik. Cam Kapakl\u0131<\/p>\n<p>&nbsp;<\/p>\n<p>\u00d6zellikler<\/p>\n<p>\u00dcr\u00fcn Tipi\u00a0\u00a0\u00a0\u00a0\u00a0\u00a0\u00a0\u00a0\u00a0\u00a0\u00a0\u00a0 Ocak<\/p>\n<p>Ocak G\u00f6z\u00fc\u00a0\u00a0\u00a0\u00a0\u00a0\u00a0\u00a0\u00a0\u00a0 1 G\u00f6z<\/p>\n<p>Ebat\u00a0 \u00a0 \u00a0 \u00a0 \u00a0 \u00a0 \u00a0 \u00a0 \u00a0 \u00a0 \u00a0\u00d8345 mm<\/p>\n<p>\u00c7al\u0131\u015fma \u015eekli\u00a0\u00a0\u00a0\u00a0\u00a0 Gaz<\/p>\n<p>Malzeme\u00a0\u00a0\u00a0\u00a0\u00a0\u00a0\u00a0\u00a0\u00a0\u00a0\u00a0\u00a0 Paslanmaz \u00c7elik<\/p>\n<p>Kullan\u0131m\u00a0 \u00a0 \u00a0 \u00a0 \u00a0 \u00a0 \u00a0Sabit<\/p>\n<p>Model\u00a0\u00a0 \u00a0\u00a0\u00a0\u00a0\u00a0\u00a0\u00a0\u00a0\u00a0\u00a0\u00a0\u00a0\u00a0\u00a0FSM-3442<\/p>\n<p>Evyeli mi?\u00a0\u00a0\u00a0\u00a0\u00a0\u00a0\u00a0\u00a0\u00a0Hay\u0131r<\/p>\n<p>Tip\u00a0\u00a0\u00a0\u00a0\u00a0\u00a0\u00a0\u00a0 \u00a0\u00a0\u00a0\u00a0\u00a0\u00a0\u00a0\u00a0\u00a0\u00a0\u00a0\u00a0\u00a0\u00a0 G\u00f6mme<\/p>\n<p>\u00dcst Kapak\u00a0\u00a0\u00a0\u00a0\u00a0\u00a0\u00a0\u00a0\u00a0\u00a0 Cam<\/p>\n","protected":false},"excerpt":{"rendered":"<p>Cam Kapakl\u0131 Tek G\u00f6zl\u00fc G\u00f6mme Ocak- FSM 3442<\/p>\n","protected":false},"featured_media":4037,"comment_status":"open","ping_status":"closed","template":"","meta":{"spay_email":"","_joinchat":[]},"product_cat":[143],"product_tag":[149,146,174,147,148],"class_list":["post-4032","product","type-product","status-publish","has-post-thumbnail","hentry","product_cat-ocak","product_tag-karavan","product_tag-ocak","product_tag-tek","product_tag-tekli","product_tag-yat"],"_links":{"self":[{"href":"https:\/\/bioendustri.com\/index.php\/wp-json\/wp\/v2\/product\/4032","targetHints":{"allow":["GET"]}}],"collection":[{"href":"https:\/\/bioendustri.com\/index.php\/wp-json\/wp\/v2\/product"}],"about":[{"href":"https:\/\/bioendustri.com\/index.php\/wp-json\/wp\/v2\/types\/product"}],"replies":[{"embeddable":true,"href":"https:\/\/bioendustri.com\/index.php\/wp-json\/wp\/v2\/comments?post=4032"}],"wp:featuredmedia":[{"embeddable":true,"href":"https:\/\/bioendustri.com\/index.php\/wp-json\/wp\/v2\/media\/4037"}],"wp:attachment":[{"href":"https:\/\/bioendustri.com\/index.php\/wp-json\/wp\/v2\/media?parent=4032"}],"wp:term":[{"taxonomy":"product_cat","embeddable":true,"href":"https:\/\/bioendustri.com\/index.php\/wp-json\/wp\/v2\/product_cat?post=4032"},{"taxonomy":"product_tag","embeddable":true,"href":"https:\/\/bioendustri.com\/index.php\/wp-json\/wp\/v2\/product_tag?post=4032"}],"curies":[{"name":"wp","href":"https:\/\/api.w.org\/{rel}","templated":true}]}}